{"id":250,"date":"2023-09-05T07:49:52","date_gmt":"2023-09-05T07:49:52","guid":{"rendered":"https:\/\/redzidigital.com\/?page_id=250"},"modified":"2023-09-05T07:50:40","modified_gmt":"2023-09-05T07:50:40","slug":"5000-e-verta-majaslapa-ar-100-eiropas-fonda-finansejumu","status":"publish","type":"page","link":"https:\/\/redzidigital.com\/en\/5000-e-verta-majaslapa-ar-100-eiropas-fonda-finansejumu\/","title":{"rendered":"5000 \u20ac v\u0113rta m\u0101jaslapa ar 100% Eiropas fonda finans\u0113jumu"},"content":{"rendered":"\n<h2 class=\"wp-block-heading has-text-align-center has-medium-font-size\">Programmas m\u0113r\u0137is:<\/h2>\n\n\n\n<p class=\"has-text-align-center\">Programmas m\u0113r\u0137is ir veicin\u0101t komercdarb\u012bb\u0101 izmantoto procesu digitaliz\u0101ciju un produktivit\u0101tes paaugstin\u0101\u0161anu, lai veicin\u0101tu Latvijas komersantu konkur\u0113tsp\u0113ju. Atbalsts paredz\u0113ts digit\u0101lo produktu, pakalpojumu, lietojumprogrammu, procesu izstr\u0101dei, ievie\u0161anai vai p\u0101rveido\u0161anai.<\/p>\n\n\n\n<div style=\"height:30px\" aria-hidden=\"true\" class=\"wp-block-spacer\"><\/div>\n\n\n\n<h2 class=\"wp-block-heading has-text-align-center has-medium-font-size\">Ir pieejami divi grantu veidi:<\/h2>\n\n\n\n<p class=\"has-text-align-center\">Mazais grants: \u012bdz 5000 EUR (atbalsts 100% apm\u0113r\u0101)<\/p>\n\n\n\n<p class=\"has-text-align-center\">Lielais grants: l\u012bdz 100 000 EUR (atbalsts 30-60% apm\u0113r\u0101)<\/p>\n\n\n\n<div style=\"height:30px\" aria-hidden=\"true\" class=\"wp-block-spacer\"><\/div>\n\n\n\n<h2 class=\"wp-block-heading has-text-align-center has-medium-font-size\">Pieteikuma forma<\/h2>\n\n\n<form action=\"https:\/\/redzidigital.com\/en\/wp-json\/ws-form\/v1\/submit\" class=\"wsf-form wsf-form-canvas\" id=\"ws-form-1\" data-id=\"1\" method=\"POST\" data-instance-id=\"1\" data-wsf-style-id=\"1\"><\/form>\n","protected":false},"excerpt":{"rendered":"<p>Programmas m\u0113r\u0137is: Programmas m\u0113r\u0137is ir veicin\u0101t komercdarb\u012bb\u0101 izmantoto procesu digitaliz\u0101ciju un produktivit\u0101tes paaugstin\u0101\u0161anu, lai veicin\u0101tu Latvijas komersantu konkur\u0113tsp\u0113ju. Atbalsts paredz\u0113ts digit\u0101lo produktu, pakalpojumu, lietojumprogrammu, procesu izstr\u0101dei, ievie\u0161anai vai p\u0101rveido\u0161anai. Ir pieejami divi grantu veidi: Mazais grants: \u012bdz 5000 EUR (atbalsts 100% apm\u0113r\u0101) Lielais grants: l\u012bdz 100 000 EUR (atbalsts 30-60% apm\u0113r\u0101) Pieteikuma forma<\/p>\n","protected":false},"author":2,"featured_media":0,"parent":0,"menu_order":0,"comment_status":"closed","ping_status":"closed","template":"","meta":{"_acf_changed":false,"footnotes":""},"class_list":["post-250","page","type-page","status-publish","hentry"],"acf":[],"_links":{"self":[{"href":"https:\/\/redzidigital.com\/en\/wp-json\/wp\/v2\/pages\/250","targetHints":{"allow":["GET"]}}],"collection":[{"href":"https:\/\/redzidigital.com\/en\/wp-json\/wp\/v2\/pages"}],"about":[{"href":"https:\/\/redzidigital.com\/en\/wp-json\/wp\/v2\/types\/page"}],"author":[{"embeddable":true,"href":"https:\/\/redzidigital.com\/en\/wp-json\/wp\/v2\/users\/2"}],"replies":[{"embeddable":true,"href":"https:\/\/redzidigital.com\/en\/wp-json\/wp\/v2\/comments?post=250"}],"version-history":[{"count":1,"href":"https:\/\/redzidigital.com\/en\/wp-json\/wp\/v2\/pages\/250\/revisions"}],"predecessor-version":[{"id":251,"href":"https:\/\/redzidigital.com\/en\/wp-json\/wp\/v2\/pages\/250\/revisions\/251"}],"wp:attachment":[{"href":"https:\/\/redzidigital.com\/en\/wp-json\/wp\/v2\/media?parent=250"}],"curies":[{"name":"wp","href":"https:\/\/api.w.org\/{rel}","templated":true}]}}