{"id":267,"date":"2023-10-18T15:24:29","date_gmt":"2023-10-18T15:24:29","guid":{"rendered":"https:\/\/redzidigital.com\/?page_id=267"},"modified":"2023-11-18T16:56:11","modified_gmt":"2023-11-18T16:56:11","slug":"vinne-video","status":"publish","type":"page","link":"https:\/\/redzidigital.com\/en\/vinne-video\/","title":{"rendered":"Vinn\u0113 500 EUR v\u0113rtu video savam biznesam, vienk\u0101r\u0161i aizpildot formu"},"content":{"rendered":"\n<p>\u0160\u012bs formas m\u0113r\u0137is ir noskaidrot, cik biznesa \u012bpa\u0161nieki (t\u016brisma objektu un da\u017e\u0101du naktsm\u0101ju \u012bpa\u0161uma \u012bpa\u0161nieki) ir gatavi maks\u0101t par da\u017e\u0101da veida digit\u0101lajiem produktiem. Tiks izloz\u0113ts uz\u0146\u0113mums, kas vinn\u0113s video vai video materi\u0101lus 500 EUR v\u0113rt\u012bb\u0101 par savu uz\u0146\u0113mumu vai biznesu!<\/p>\n\n\n\n<div style=\"height:100px\" aria-hidden=\"true\" class=\"wp-block-spacer\"><\/div>\n\n\n<form action=\"https:\/\/redzidigital.com\/en\/wp-json\/ws-form\/v1\/submit\" class=\"wsf-form wsf-form-canvas\" id=\"ws-form-1\" data-id=\"2\" method=\"POST\" data-instance-id=\"1\" data-wsf-style-id=\"1\"><\/form>\n","protected":false},"excerpt":{"rendered":"<p>\u0160\u012bs formas m\u0113r\u0137is ir noskaidrot, cik biznesa \u012bpa\u0161nieki (t\u016brisma objektu un da\u017e\u0101du naktsm\u0101ju \u012bpa\u0161uma \u012bpa\u0161nieki) ir gatavi maks\u0101t par da\u017e\u0101da veida digit\u0101lajiem produktiem. Tiks izloz\u0113ts uz\u0146\u0113mums, kas vinn\u0113s video vai video materi\u0101lus 500 EUR v\u0113rt\u012bb\u0101 par savu uz\u0146\u0113mumu vai biznesu!<\/p>\n","protected":false},"author":3,"featured_media":0,"parent":0,"menu_order":0,"comment_status":"closed","ping_status":"closed","template":"","meta":{"_acf_changed":false,"footnotes":""},"class_list":["post-267","page","type-page","status-publish","hentry"],"acf":[],"_links":{"self":[{"href":"https:\/\/redzidigital.com\/en\/wp-json\/wp\/v2\/pages\/267","targetHints":{"allow":["GET"]}}],"collection":[{"href":"https:\/\/redzidigital.com\/en\/wp-json\/wp\/v2\/pages"}],"about":[{"href":"https:\/\/redzidigital.com\/en\/wp-json\/wp\/v2\/types\/page"}],"author":[{"embeddable":true,"href":"https:\/\/redzidigital.com\/en\/wp-json\/wp\/v2\/users\/3"}],"replies":[{"embeddable":true,"href":"https:\/\/redzidigital.com\/en\/wp-json\/wp\/v2\/comments?post=267"}],"version-history":[{"count":5,"href":"https:\/\/redzidigital.com\/en\/wp-json\/wp\/v2\/pages\/267\/revisions"}],"predecessor-version":[{"id":332,"href":"https:\/\/redzidigital.com\/en\/wp-json\/wp\/v2\/pages\/267\/revisions\/332"}],"wp:attachment":[{"href":"https:\/\/redzidigital.com\/en\/wp-json\/wp\/v2\/media?parent=267"}],"curies":[{"name":"wp","href":"https:\/\/api.w.org\/{rel}","templated":true}]}}