{"id":275,"date":"2023-11-08T13:28:06","date_gmt":"2023-11-08T13:28:06","guid":{"rendered":"https:\/\/redzidigital.com\/?page_id=275"},"modified":"2023-11-10T19:09:12","modified_gmt":"2023-11-10T19:09:12","slug":"gdpr-pieteikuma-forma","status":"publish","type":"page","link":"https:\/\/redzidigital.com\/en\/gdpr-pieteikuma-forma\/","title":{"rendered":"GDPR Audita Pieteikuma Veidlapa"},"content":{"rendered":"\n<p><strong>Vai J\u016bsu t\u012bmek\u013ca vietne ir piln\u012bb\u0101 sader\u012bga ar GDPR pras\u012bb\u0101m?<\/strong><\/p>\n\n\n\n<p>M\u016bsdien\u0101s datu dro\u0161\u012bba ir svar\u012bg\u0101ka nek\u0101 jebkad agr\u0101k. GDPR (Visp\u0101r\u012bg\u0101 datu aizsardz\u012bbas regula) nosaka stingras pras\u012bbas datu apstr\u0101dei un priv\u0101tuma aizsardz\u012bbai. Lai nodro\u0161in\u0101tu, ka J\u016bsu t\u012bmek\u013ca vietne atbilst \u0161\u012bm pras\u012bb\u0101m, m\u0113s pied\u0101v\u0101jam profesion\u0101lu GDPR audita pakalpojumu.<\/p>\n\n\n\n<p><strong>Pieteik\u0161an\u0101s GDPR Auditam<\/strong><\/p>\n\n\n\n<p>Lai pieteiktos GDPR audita pakalpojumam, l\u016bdzu, aizpildiet zem\u0101k eso\u0161o veidlapu. M\u016bsu speci\u0101listi p\u0101rbaud\u012bs J\u016bsu t\u012bmek\u013ca vietnes atbilst\u012bbu GDPR pras\u012bb\u0101m un sniegs detaliz\u0113tu atgriezenisko saiti un ieteikumus, k\u0101 uzlabot J\u016bsu vietnes sader\u012bbu ar \u0161\u012bm regul\u0101m.<\/p>\n\n\n\n<ol class=\"wp-block-list\">\n<li>Veiksim t\u012bmek\u013ca vietnes personas datu apstr\u0101des noteikumu p\u0101rbaudi, ja t\u0101di pieejami t\u012bmek\u013ca vietn\u0113,&nbsp;<\/li>\n\n\n\n<li>P\u0101rbaud\u012bsim t\u012bmek\u013ca vietnes s\u012bkdat\u0146u apstr\u0101des noteikumus<\/li>\n\n\n\n<li>P\u0101rbaud\u012bsim t\u012bmek\u013ca vietnes faktisko personas datu apstr\u0101di un s\u012bkdat\u0146u apstr\u0101di, ja t\u0101da notiek, un p\u0101rbaud\u012bsim Cookies spraudni, vai t\u0101 darb\u012bba notiek atbilsto\u0161i GDPR<\/li>\n<\/ol>\n\n\n\n<h2 class=\"wp-block-heading has-text-align-center\">Pieteikuma forma<\/h2>\n\n\n<form action=\"https:\/\/redzidigital.com\/en\/wp-json\/ws-form\/v1\/submit\" class=\"wsf-form wsf-form-canvas\" id=\"ws-form-1\" data-id=\"3\" method=\"POST\" data-instance-id=\"1\" data-wsf-style-id=\"1\"><\/form>","protected":false},"excerpt":{"rendered":"<p>Vai J\u016bsu t\u012bmek\u013ca vietne ir piln\u012bb\u0101 sader\u012bga ar GDPR pras\u012bb\u0101m? M\u016bsdien\u0101s datu dro\u0161\u012bba ir svar\u012bg\u0101ka nek\u0101 jebkad agr\u0101k. GDPR (Visp\u0101r\u012bg\u0101 datu aizsardz\u012bbas regula) nosaka stingras pras\u012bbas datu apstr\u0101dei un priv\u0101tuma aizsardz\u012bbai. Lai nodro\u0161in\u0101tu, ka J\u016bsu t\u012bmek\u013ca vietne atbilst \u0161\u012bm pras\u012bb\u0101m, m\u0113s pied\u0101v\u0101jam profesion\u0101lu GDPR audita pakalpojumu. Pieteik\u0161an\u0101s GDPR Auditam Lai pieteiktos GDPR audita pakalpojumam, l\u016bdzu, [&hellip;]<\/p>\n","protected":false},"author":1,"featured_media":0,"parent":0,"menu_order":0,"comment_status":"closed","ping_status":"closed","template":"","meta":{"_acf_changed":false,"footnotes":""},"class_list":["post-275","page","type-page","status-publish","hentry"],"acf":[],"_links":{"self":[{"href":"https:\/\/redzidigital.com\/en\/wp-json\/wp\/v2\/pages\/275","targetHints":{"allow":["GET"]}}],"collection":[{"href":"https:\/\/redzidigital.com\/en\/wp-json\/wp\/v2\/pages"}],"about":[{"href":"https:\/\/redzidigital.com\/en\/wp-json\/wp\/v2\/types\/page"}],"author":[{"embeddable":true,"href":"https:\/\/redzidigital.com\/en\/wp-json\/wp\/v2\/users\/1"}],"replies":[{"embeddable":true,"href":"https:\/\/redzidigital.com\/en\/wp-json\/wp\/v2\/comments?post=275"}],"version-history":[{"count":8,"href":"https:\/\/redzidigital.com\/en\/wp-json\/wp\/v2\/pages\/275\/revisions"}],"predecessor-version":[{"id":290,"href":"https:\/\/redzidigital.com\/en\/wp-json\/wp\/v2\/pages\/275\/revisions\/290"}],"wp:attachment":[{"href":"https:\/\/redzidigital.com\/en\/wp-json\/wp\/v2\/media?parent=275"}],"curies":[{"name":"wp","href":"https:\/\/api.w.org\/{rel}","templated":true}]}}